{"id":199,"date":"2024-08-09T18:22:41","date_gmt":"2024-08-09T18:22:41","guid":{"rendered":"https:\/\/harmonybaymassage.com\/?page_id=199"},"modified":"2024-08-09T18:27:20","modified_gmt":"2024-08-09T18:27:20","slug":"accesibilidad","status":"publish","type":"page","link":"https:\/\/harmonybaymassage.com\/en\/accesibilidad\/","title":{"rendered":"Accessibility"},"content":{"rendered":"<div data-elementor-type=\"wp-page\" data-elementor-id=\"199\" class=\"elementor elementor-199\" data-elementor-post-type=\"page\">\n\t\t\t\t<div class=\"elementor-element elementor-element-38284bb e-flex e-con-boxed e-con e-parent\" data-id=\"38284bb\" data-element_type=\"container\">\n\t\t\t\t\t<div class=\"e-con-inner\">\n\t\t\t\t<div class=\"elementor-element elementor-element-d989531 elementor-widget elementor-widget-text-editor\" data-id=\"d989531\" data-element_type=\"widget\" data-widget_type=\"text-editor.default\">\n\t\t\t\t<div class=\"elementor-widget-container\">\n\t\t\t\t\t\t\t\t\t<p><b>DECLARACI\u00d3N DE ACCESIBILIDAD<\/b><\/p><p><span style=\"font-weight: 400;\">Harmony Bay Massage<\/span><span style=\"font-weight: 400;\">, C.I.F. <\/span><span style=\"font-weight: 400;\">x5659757d<\/span><span style=\"font-weight: 400;\">, domicilio social en <\/span><span style=\"font-weight: 400;\">Calle viejos tendereteros numero 5, Bahia Feliz, Las Palmas de Gran Canaria. Espa\u00f1a<\/span><\/p><p><span style=\"font-weight: 400;\">\u00a0se ha <\/span><span style=\"font-weight: 400;\">comprometido a hacer accesible su sitio web, de conformidad con el\u00a0<\/span><a href=\"https:\/\/www.boe.es\/diario_boe\/txt.php?id=BOE-A-2018-12699\"><span style=\"font-weight: 400;\">Real Decreto 1112\/2018, de 7 de septiembre, sobre accesibilidad de los sitios web y aplicaciones para dispositivos m\u00f3viles del sector p\u00fablico<\/span><\/a><span style=\"font-weight: 400;\">.\u00a0<\/span><\/p><p><span style=\"font-weight: 400;\">La presente declaraci\u00f3n de accesibilidad se aplica a\u00a0 <\/span><span style=\"font-weight: 400;\">ivefit6@gmail.com<\/span><span style=\"font-weight: 400;\">.<\/span><\/p><p>\u00a0<\/p><p><b>SITUACI\u00d3N DEL CUMPLIMIENTO<\/b><\/p><p><span style=\"font-weight: 400;\">Este sitio web es\u00a0<\/span><b>plenamente conforme<\/b><span style=\"font-weight: 400;\">\u00a0con el RD 1112\/2018.<\/span><\/p><p><span style=\"font-weight: 400;\">\u00a0<\/span><\/p><p><b>CONTENIDO NO ACCESIBLE<\/b><\/p><p><span style=\"font-weight: 400;\">Todo el contenido es accesible.<\/span><\/p><p><span style=\"font-weight: 400;\">\u00a0<\/span><\/p><p><b>PREPARACI\u00d3N DE LA PRESENTE DECLARACI\u00d3N DE ACCESIBILIDAD<\/b><\/p><p><span style=\"font-weight: 400;\">La presente declaraci\u00f3n fue preparada el <\/span><span style=\"font-weight: 400;\">12 de Junio de 2024<\/span><span style=\"font-weight: 400;\">.<\/span><\/p><p><span style=\"font-weight: 400;\">El m\u00e9todo empleado para preparar la declaraci\u00f3n ha sido una autoevaluaci\u00f3n llevada a cabo por el propio organismo.<\/span><\/p><p><b>OBSERVACIONES Y DATOS DE CONTACTO<\/b><\/p><p><span style=\"font-weight: 400;\">Puede realizar\u00a0<\/span><b>comunicaciones<\/b><span style=\"font-weight: 400;\">\u00a0sobre requisitos de accesibilidad (art\u00edculo 10.2.a) del RD 1112\/2018) como por ejemplo:<\/span><\/p><ul><li style=\"font-weight: 400;\" aria-level=\"1\"><span style=\"font-weight: 400;\">informar sobre cualquier posible\u00a0<\/span><b>incumplimiento<\/b><span style=\"font-weight: 400;\">\u00a0por parte de este sitio web<\/span><\/li><li style=\"font-weight: 400;\" aria-level=\"1\"><span style=\"font-weight: 400;\">transmitir otras\u00a0<\/span><b>dificultades de acceso<\/b><span style=\"font-weight: 400;\">\u00a0al contenido<\/span><\/li><\/ul><p><span style=\"font-weight: 400;\">formular cualquier otra\u00a0<\/span><b>consulta o sugerencia de mejora<\/b><span style=\"font-weight: 400;\">\u00a0relativa a la accesibilidad del sitio web\u00a0 <\/span><span style=\"font-weight: 400;\">ivefit6@gmail.com<\/span><\/p><p><span style=\"font-weight: 400;\">o Llamando al tel\u00e9fono <\/span><span style=\"font-weight: 400;\">(+34) <\/span><span style=\"font-weight: 400;\">622 930 786<\/span><\/p><p><span style=\"font-weight: 400;\">Puede presentar:<\/span><\/p><ul><li style=\"font-weight: 400;\" aria-level=\"1\"><span style=\"font-weight: 400;\">una queja relativa al cumplimiento de los requisitos del RD 1112\/2018 o<\/span><\/li><li style=\"font-weight: 400;\" aria-level=\"1\"><span style=\"font-weight: 400;\">una Solicitud de Informaci\u00f3n accesible relativa a:<\/span><ol><li style=\"font-weight: 400;\" aria-level=\"2\"><span style=\"font-weight: 400;\">contenidos que est\u00e1n excluidos del \u00e1mbito de aplicaci\u00f3n del RD 1112\/2018 seg\u00fan lo establecido por el art\u00edculo 3, apartado 4.<\/span><\/li><li style=\"font-weight: 400;\" aria-level=\"2\"><span style=\"font-weight: 400;\">contenidos que est\u00e1n exentos del cumplimiento de los requisitos de accesibilidad por imponer una carga desproporcionada.<\/span><\/li><\/ol><\/li><\/ul><p><span style=\"font-weight: 400;\">En la Solicitud de informaci\u00f3n accesible, se debe concretar, con toda claridad, los hechos, razones y petici\u00f3n que permitan constatar que se trata de una solicitud razonable y leg\u00edtima.<\/span><\/p><p><span style=\"font-weight: 400;\">Las comunicaciones, quejas y solicitudes de informaci\u00f3n accesible ser\u00e1n recibidas y tratadas por <\/span><span style=\"font-weight: 400;\">Harmony Bay Massage<\/span><\/p><p><span style=\"font-weight: 400;\">\u00a0<\/span><\/p><p><b>PROCEDIMIENTO DE APLICACI\u00d3N<\/b><\/p><p><span style=\"font-weight: 400;\">En caso de no verse atendidas las solicitudes, podr\u00e1 dirigir una comunicaci\u00f3n <\/span><span style=\"font-weight: 400;\">a <\/span><span style=\"font-weight: 400;\">ivefit6@gmail.com<\/span> <span style=\"font-weight: 400;\">dirigida en atenci\u00f3n a la Direcci\u00f3n de la organizaci\u00f3n.<\/span><\/p>\t\t\t\t\t\t\t\t<\/div>\n\t\t\t\t<\/div>\n\t\t\t\t\t<\/div>\n\t\t\t\t<\/div>\n\t\t\t\t<\/div>","protected":false},"excerpt":{"rendered":"<p>DECLARACI\u00d3N DE ACCESIBILIDAD Harmony Bay Massage, C.I.F. x5659757d, domicilio social en Calle viejos tendereteros numero 5, Bahia Feliz, Las Palmas de Gran Canaria. Espa\u00f1a \u00a0se ha comprometido a hacer accesible su sitio web, de conformidad con el\u00a0Real Decreto 1112\/2018, de 7 de septiembre, sobre accesibilidad de los sitios web y aplicaciones para dispositivos m\u00f3viles del [&hellip;]<\/p>","protected":false},"author":1,"featured_media":0,"parent":0,"menu_order":0,"comment_status":"closed","ping_status":"closed","template":"","meta":{"footnotes":""},"class_list":["post-199","page","type-page","status-publish","hentry"],"yoast_head":"<!-- This site is optimized with the Yoast SEO plugin v26.8 - https:\/\/yoast.com\/product\/yoast-seo-wordpress\/ -->\n<title>Accesibilidad - Harmony Bay Massage<\/title>\n<meta name=\"robots\" content=\"index, follow, max-snippet:-1, max-image-preview:large, max-video-preview:-1\" \/>\n<link rel=\"canonical\" href=\"https:\/\/harmonybaymassage.com\/en\/accesibilidad\/\" \/>\n<meta property=\"og:locale\" content=\"en_US\" \/>\n<meta property=\"og:type\" content=\"article\" \/>\n<meta property=\"og:title\" content=\"Accesibilidad - Harmony Bay Massage\" \/>\n<meta property=\"og:description\" content=\"DECLARACI\u00d3N DE ACCESIBILIDAD Harmony Bay Massage, C.I.F. x5659757d, domicilio social en Calle viejos tendereteros numero 5, Bahia Feliz, Las Palmas de Gran Canaria. Espa\u00f1a \u00a0se ha comprometido a hacer accesible su sitio web, de conformidad con el\u00a0Real Decreto 1112\/2018, de 7 de septiembre, sobre accesibilidad de los sitios web y aplicaciones para dispositivos m\u00f3viles del [&hellip;]\" \/>\n<meta property=\"og:url\" content=\"https:\/\/harmonybaymassage.com\/en\/accesibilidad\/\" \/>\n<meta property=\"og:site_name\" content=\"Harmony Bay Massage\" \/>\n<meta property=\"article:modified_time\" content=\"2024-08-09T18:27:20+00:00\" \/>\n<meta name=\"twitter:card\" content=\"summary_large_image\" \/>\n<meta name=\"twitter:label1\" content=\"Est. reading time\" \/>\n\t<meta name=\"twitter:data1\" content=\"2 minutes\" \/>\n<script type=\"application\/ld+json\" class=\"yoast-schema-graph\">{\"@context\":\"https:\/\/schema.org\",\"@graph\":[{\"@type\":\"WebPage\",\"@id\":\"https:\/\/harmonybaymassage.com\/en\/accesibilidad\/\",\"url\":\"https:\/\/harmonybaymassage.com\/en\/accesibilidad\/\",\"name\":\"Accesibilidad - Harmony Bay Massage\",\"isPartOf\":{\"@id\":\"https:\/\/harmonybaymassage.com\/#website\"},\"datePublished\":\"2024-08-09T18:22:41+00:00\",\"dateModified\":\"2024-08-09T18:27:20+00:00\",\"breadcrumb\":{\"@id\":\"https:\/\/harmonybaymassage.com\/en\/accesibilidad\/#breadcrumb\"},\"inLanguage\":\"en-US\",\"potentialAction\":[{\"@type\":\"ReadAction\",\"target\":[\"https:\/\/harmonybaymassage.com\/en\/accesibilidad\/\"]}]},{\"@type\":\"BreadcrumbList\",\"@id\":\"https:\/\/harmonybaymassage.com\/en\/accesibilidad\/#breadcrumb\",\"itemListElement\":[{\"@type\":\"ListItem\",\"position\":1,\"name\":\"Portada\",\"item\":\"https:\/\/harmonybaymassage.com\/\"},{\"@type\":\"ListItem\",\"position\":2,\"name\":\"Accesibilidad\"}]},{\"@type\":\"WebSite\",\"@id\":\"https:\/\/harmonybaymassage.com\/#website\",\"url\":\"https:\/\/harmonybaymassage.com\/\",\"name\":\"Harmony Bay Massage\",\"description\":\"\",\"publisher\":{\"@id\":\"https:\/\/harmonybaymassage.com\/#organization\"},\"potentialAction\":[{\"@type\":\"SearchAction\",\"target\":{\"@type\":\"EntryPoint\",\"urlTemplate\":\"https:\/\/harmonybaymassage.com\/?s={search_term_string}\"},\"query-input\":{\"@type\":\"PropertyValueSpecification\",\"valueRequired\":true,\"valueName\":\"search_term_string\"}}],\"inLanguage\":\"en-US\"},{\"@type\":\"Organization\",\"@id\":\"https:\/\/harmonybaymassage.com\/#organization\",\"name\":\"Harmony Bay Massage\",\"url\":\"https:\/\/harmonybaymassage.com\/\",\"logo\":{\"@type\":\"ImageObject\",\"inLanguage\":\"en-US\",\"@id\":\"https:\/\/harmonybaymassage.com\/#\/schema\/logo\/image\/\",\"url\":\"https:\/\/harmonybaymassage.com\/wp-content\/uploads\/2024\/08\/Diseno-sin-titulo-23-e1722765077415.png\",\"contentUrl\":\"https:\/\/harmonybaymassage.com\/wp-content\/uploads\/2024\/08\/Diseno-sin-titulo-23-e1722765077415.png\",\"width\":418,\"height\":369,\"caption\":\"Harmony Bay Massage\"},\"image\":{\"@id\":\"https:\/\/harmonybaymassage.com\/#\/schema\/logo\/image\/\"}}]}<\/script>\n<!-- \/ Yoast SEO plugin. -->","yoast_head_json":{"title":"Accesibilidad - Harmony Bay Massage","robots":{"index":"index","follow":"follow","max-snippet":"max-snippet:-1","max-image-preview":"max-image-preview:large","max-video-preview":"max-video-preview:-1"},"canonical":"https:\/\/harmonybaymassage.com\/en\/accesibilidad\/","og_locale":"en_US","og_type":"article","og_title":"Accesibilidad - Harmony Bay Massage","og_description":"DECLARACI\u00d3N DE ACCESIBILIDAD Harmony Bay Massage, C.I.F. x5659757d, domicilio social en Calle viejos tendereteros numero 5, Bahia Feliz, Las Palmas de Gran Canaria. Espa\u00f1a \u00a0se ha comprometido a hacer accesible su sitio web, de conformidad con el\u00a0Real Decreto 1112\/2018, de 7 de septiembre, sobre accesibilidad de los sitios web y aplicaciones para dispositivos m\u00f3viles del [&hellip;]","og_url":"https:\/\/harmonybaymassage.com\/en\/accesibilidad\/","og_site_name":"Harmony Bay Massage","article_modified_time":"2024-08-09T18:27:20+00:00","twitter_card":"summary_large_image","twitter_misc":{"Est. reading time":"2 minutes"},"schema":{"@context":"https:\/\/schema.org","@graph":[{"@type":"WebPage","@id":"https:\/\/harmonybaymassage.com\/en\/accesibilidad\/","url":"https:\/\/harmonybaymassage.com\/en\/accesibilidad\/","name":"Accesibilidad - Harmony Bay Massage","isPartOf":{"@id":"https:\/\/harmonybaymassage.com\/#website"},"datePublished":"2024-08-09T18:22:41+00:00","dateModified":"2024-08-09T18:27:20+00:00","breadcrumb":{"@id":"https:\/\/harmonybaymassage.com\/en\/accesibilidad\/#breadcrumb"},"inLanguage":"en-US","potentialAction":[{"@type":"ReadAction","target":["https:\/\/harmonybaymassage.com\/en\/accesibilidad\/"]}]},{"@type":"BreadcrumbList","@id":"https:\/\/harmonybaymassage.com\/en\/accesibilidad\/#breadcrumb","itemListElement":[{"@type":"ListItem","position":1,"name":"Portada","item":"https:\/\/harmonybaymassage.com\/"},{"@type":"ListItem","position":2,"name":"Accesibilidad"}]},{"@type":"WebSite","@id":"https:\/\/harmonybaymassage.com\/#website","url":"https:\/\/harmonybaymassage.com\/","name":"Harmony Bay Massage","description":"","publisher":{"@id":"https:\/\/harmonybaymassage.com\/#organization"},"potentialAction":[{"@type":"SearchAction","target":{"@type":"EntryPoint","urlTemplate":"https:\/\/harmonybaymassage.com\/?s={search_term_string}"},"query-input":{"@type":"PropertyValueSpecification","valueRequired":true,"valueName":"search_term_string"}}],"inLanguage":"en-US"},{"@type":"Organization","@id":"https:\/\/harmonybaymassage.com\/#organization","name":"Harmony Bay Massage","url":"https:\/\/harmonybaymassage.com\/","logo":{"@type":"ImageObject","inLanguage":"en-US","@id":"https:\/\/harmonybaymassage.com\/#\/schema\/logo\/image\/","url":"https:\/\/harmonybaymassage.com\/wp-content\/uploads\/2024\/08\/Diseno-sin-titulo-23-e1722765077415.png","contentUrl":"https:\/\/harmonybaymassage.com\/wp-content\/uploads\/2024\/08\/Diseno-sin-titulo-23-e1722765077415.png","width":418,"height":369,"caption":"Harmony Bay Massage"},"image":{"@id":"https:\/\/harmonybaymassage.com\/#\/schema\/logo\/image\/"}}]}},"_links":{"self":[{"href":"https:\/\/harmonybaymassage.com\/en\/wp-json\/wp\/v2\/pages\/199","targetHints":{"allow":["GET"]}}],"collection":[{"href":"https:\/\/harmonybaymassage.com\/en\/wp-json\/wp\/v2\/pages"}],"about":[{"href":"https:\/\/harmonybaymassage.com\/en\/wp-json\/wp\/v2\/types\/page"}],"author":[{"embeddable":true,"href":"https:\/\/harmonybaymassage.com\/en\/wp-json\/wp\/v2\/users\/1"}],"replies":[{"embeddable":true,"href":"https:\/\/harmonybaymassage.com\/en\/wp-json\/wp\/v2\/comments?post=199"}],"version-history":[{"count":4,"href":"https:\/\/harmonybaymassage.com\/en\/wp-json\/wp\/v2\/pages\/199\/revisions"}],"predecessor-version":[{"id":203,"href":"https:\/\/harmonybaymassage.com\/en\/wp-json\/wp\/v2\/pages\/199\/revisions\/203"}],"wp:attachment":[{"href":"https:\/\/harmonybaymassage.com\/en\/wp-json\/wp\/v2\/media?parent=199"}],"curies":[{"name":"wp","href":"https:\/\/api.w.org\/{rel}","templated":true}]}}