{"id":189,"date":"2024-08-09T18:10:02","date_gmt":"2024-08-09T18:10:02","guid":{"rendered":"https:\/\/harmonybaymassage.com\/?page_id=189"},"modified":"2024-08-09T18:15:10","modified_gmt":"2024-08-09T18:15:10","slug":"aviso-legal","status":"publish","type":"page","link":"https:\/\/harmonybaymassage.com\/en\/aviso-legal\/","title":{"rendered":"Legal warning"},"content":{"rendered":"<div data-elementor-type=\"wp-page\" data-elementor-id=\"189\" class=\"elementor elementor-189\" data-elementor-post-type=\"page\">\n\t\t\t\t<div class=\"elementor-element elementor-element-7193315 e-flex e-con-boxed e-con e-parent\" data-id=\"7193315\" data-element_type=\"container\">\n\t\t\t\t\t<div class=\"e-con-inner\">\n\t\t\t\t<div class=\"elementor-element elementor-element-e03f8d9 elementor-widget elementor-widget-text-editor\" data-id=\"e03f8d9\" data-element_type=\"widget\" data-widget_type=\"text-editor.default\">\n\t\t\t\t<div class=\"elementor-widget-container\">\n\t\t\t\t\t\t\t\t\t<ol><li><b><\/b><b>Informaci\u00f3n sobre el Titular del Sitio Web.<\/b><\/li><\/ol><p><span style=\"font-weight: 400;\">En cumplimiento de lo dispuesto en la Ley 34\/2002, de 11 de Julio, de Servicios de la Sociedad de la Informaci\u00f3n y Comercio Electr\u00f3nico, el titular del presente Sitio Web facilita la siguiente informaci\u00f3n a los usuarios del mismo: La entidad titular de este Sitio Web es Harmony Bay Massage<\/span><b>,\u00a0 <\/b><span style=\"font-weight: 400;\">con domicilio social en <\/span><span style=\"font-weight: 400;\">\u00a0Calle viejos tendereteros numero 5, Bahia Feliz, Las Palmas de Gran Canaria, Espa\u00f1a. <\/span><span style=\"font-weight: 400;\">y CIF\u00a0 <\/span><span style=\"font-weight: 400;\">x5659757d<\/span><\/p><ol><li><b> Modificaci\u00f3n de contenidos.<\/b><\/li><\/ol><p><span style=\"font-weight: 400;\">El titular de este Sitio Web se reserva el derecho de modificar unilateralmente y sin previo aviso la presentaci\u00f3n, configuraci\u00f3n o el contenido del mismo, tanto en relaci\u00f3n a los servicios como a los productos ofrecidos y sus especificaciones t\u00e9cnicas, as\u00ed como cualquier otro contenido sustancial.<\/span><\/p><p><b>III. Responsabilidad de los enlaces.<\/b><\/p><p><span style=\"font-weight: 400;\">El titular de este Sitio Web no puede garantizar que los hiperv\u00ednculos o enlaces a otros sitios de la Web resulten exactos en el momento de su acceso. Dado que el mantenimiento de los Sitios Web a los que apuntan dichos enlaces corresponde a terceros ajenos a \u00e9l, el titular de este Sitio Web no asume responsabilidad alguna por los posibles contenidos il\u00edcitos de los sitios a los que remiten tales enlaces en tanto no tenga conocimiento de esa circunstancia de acuerdo con la legislaci\u00f3n vigente.<\/span><\/p><p><b>Condiciones de Uso<\/b><\/p><p><span style=\"font-weight: 400;\">El uso del sitio Web<\/span> <span style=\"font-weight: 400;\">harmonybaymassage.com<\/span> <span style=\"font-weight: 400;\">\u00a0<\/span><span style=\"font-weight: 400;\">\u00a0<\/span><span style=\"font-weight: 400;\">(en adelante, el \u00abSitio Web\u00bb) se rige por las normas establecidas en el presente aviso legal. La utilizaci\u00f3n del mismo implica que usted acepta dichas condiciones. Puede contactar con <\/span><span style=\"font-weight: 400;\">Harmony Bay Massage<\/span> <span style=\"font-weight: 400;\">en la direcci\u00f3n abajo indicada o a trav\u00e9s de la direcci\u00f3n de correo electr\u00f3nico:<\/span><span style=\"font-weight: 400;\">\u00a0<\/span><span style=\"font-weight: 400;\">\u00a0ivefit6@gmail.com<\/span><\/p><p><b>Datos identificativos<\/b><\/p><p><span style=\"font-weight: 400;\">Para dar cumplimiento con lo establecido en la Ley 34\/2002, de 11 de julio, de servicios de la sociedad de la informaci\u00f3n y de comercio electr\u00f3nico, a continuaci\u00f3n, se indican los datos de informaci\u00f3n general de este sitio Web.<\/span><\/p><p><b>Contacto:\u00a0<\/b><span style=\"font-weight: 400;\">\u00a0ivefit6@gmail.com<\/span><b><br \/><\/b><span style=\"font-weight: 400;\">Domicilio social: Calle viejos tendereteros numero 5, Bahia Feliz, Las Palmas de Gran Canaria. Espa\u00f1a<\/span><b><br \/><\/b><b>+34 <\/b><span style=\"font-weight: 400;\">622 930 786<\/span><\/p><p><b>Condiciones del sitio Web<\/b><\/p><p><span style=\"font-weight: 400;\">Los contenidos y servicios del Sitio Web son proporcionados por <\/span><span style=\"font-weight: 400;\">Harmony Bay Massage<\/span><\/p><p><span style=\"font-weight: 400;\">El uso y la navegaci\u00f3n por el Sitio Web implica aceptar y conocer las advertencias legales, condiciones y t\u00e9rminos de uso que el mismo contiene, especial el presente \u00abAviso Legal\u00bb y la pol\u00edtica de \u00abProtecci\u00f3n de Datos\u00bb.<\/span><\/p><p><span style=\"font-weight: 400;\">El Sitio Web ha sido dise\u00f1ado para soportar todo tipo de navegadores. No obstante, <\/span><span style=\"font-weight: 400;\">Harmony Bay Massage<\/span><span style=\"font-weight: 400;\"> no se hace responsable de los perjuicios, de cualquier \u00edndole, que pudieran ocasionarse a los usuarios por la utilizaci\u00f3n de navegadores o versiones de los mismos no compatibles.<\/span><\/p><p><b>Derechos de Propiedad Intelectual e Industrial<\/b><\/p><p><span style=\"font-weight: 400;\">Todos los contenidos del Sitio la marca, denominaciones, logotipos, im\u00e1genes, textos, dise\u00f1o, y cualquier otro signo distintivo del Sitio Web pertenecen a <\/span><span style=\"font-weight: 400;\">Harmony Bay Massage<\/span><span style=\"font-weight: 400;\">. El acceso a dichos contenidos o elementos no otorga al usuario el derecho de alteraci\u00f3n, modificaci\u00f3n, explotaci\u00f3n o reproducci\u00f3n, distribuci\u00f3n, comunicaci\u00f3n p\u00fablica o cualquier otro derecho que corresponda al titular del derecho afectado. El usuario se compromete a no realizar en ning\u00fan caso una explotaci\u00f3n comercial, directa o indirecta de los mismos.<\/span><\/p><p><span style=\"font-weight: 400;\">Todo uso no autorizado del Sitio Web dar\u00e1 derecho a <\/span><span style=\"font-weight: 400;\">Harmony Bay Massage<\/span><span style=\"font-weight: 400;\"> para ejercitar las acciones que correspondan en virtud de la legislaci\u00f3n aplicable.<\/span><\/p><p><b>Protecci\u00f3n de Datos<\/b><\/p><p><span style=\"font-weight: 400;\">Lea nuestra\u00a0<\/span><span style=\"font-weight: 400;\">Pol\u00edtica de Privacidad\u00a0<\/span><span style=\"font-weight: 400;\">respecto a los datos que se recogen en nuestro Sitio Web.<\/span><\/p><p><b>POL\u00cdTICA DE ENLACES<\/b><\/p><p><span style=\"font-weight: 400;\">En este Sitio Web se ofrecen enlaces a p\u00e1ginas Web de terceros mediante botones, links, banners, etc. La utilizaci\u00f3n de los citados enlaces es de su exclusiva responsabilidad ya que <\/span><span style=\"font-weight: 400;\">Harmony Bay Massage<\/span><span style=\"font-weight: 400;\"> no se responsabiliza de los contenidos de los sitios Web enlazados.<\/span><\/p><p><span style=\"font-weight: 400;\">Caso que cualquier empresa o particular deseen establecer enlaces con destino al Sitio Web deber\u00e1n respetar las siguientes estipulaciones:<\/span><\/p><p><span style=\"font-weight: 400;\">El enlace solamente se podr\u00e1 dirigir a la p\u00e1gina principal del Sitio Web, y abarcar toda la extensi\u00f3n de la pantalla de la p\u00e1gina principal, no pudiendo incluir dicho enlace como parte de otra Web o dentro de uno de sus \u00abframes\u00bb o crear un \u00abbrowser\u00bb sobre cualquier p\u00e1gina del Sitio Web.<\/span><\/p><p><span style=\"font-weight: 400;\">La p\u00e1gina que realiza el enlace no podr\u00e1 declarar que el mismo est\u00e1 autorizado por<\/span> <span style=\"font-weight: 400;\">Harmony Bay Massage<\/span><span style=\"font-weight: 400;\"> ni incluir la marca, denominaci\u00f3n, nombre comercial, r\u00f3tulo, logotipo, slogan o cualquier otro tipo de elemento identificativo de <\/span><span style=\"font-weight: 400;\">Harmony Bay Massage<\/span><span style=\"font-weight: 400;\">.<\/span><\/p><p><span style=\"font-weight: 400;\">Harmony Bay Massage<\/span><span style=\"font-weight: 400;\"> excluye expresamente que se puedan realizar enlaces desde aquellas p\u00e1ginas Web que contengan materiales, informaci\u00f3n o contenidos il\u00edcitos, ilegales, degradantes, obscenos, y en general, que contravengan la moral, el orden p\u00fablico o las normas sociales generalmente aceptadas.<\/span><\/p><p><b>Limitaci\u00f3n de Responsabilidades<\/b><\/p><p><span style=\"font-weight: 400;\">Bajo ninguna circunstancia<\/span> <span style=\"font-weight: 400;\">Harmony Bay Massage<\/span><span style=\"font-weight: 400;\"> ser\u00e1 responsable ante terceros por cualquier da\u00f1o directo o indirecto, econ\u00f3mico o no resultado del uso del Sitio Web.<\/span><span style=\"font-weight: 400;\">Harmony Bay Massage<\/span><span style=\"font-weight: 400;\"> no garantiza ni se hace responsable de la ausencia de virus y\/o dem\u00e1s componentes da\u00f1inos en el Sitio Web o en el servidor que lo suministra, los da\u00f1os o perjuicios que cause, a s\u00ed mismo o a un tercero, cualquier persona que infringiera las condiciones, normas e instrucciones que <\/span><span style=\"font-weight: 400;\">Harmony Bay Massage<\/span> <span style=\"font-weight: 400;\">establece en el Sitio Web o a trav\u00e9s de la vulneraci\u00f3n de los sistemas de seguridad. <\/span><span style=\"font-weight: 400;\">Harmony Bay Massage<\/span><span style=\"font-weight: 400;\"> declara que ha adoptado todas las medidas necesarias, dentro de sus posibilidades y del estado de la tecnolog\u00eda, para garantizar el funcionamiento del Sitio Web y evitar la existencia y transmisi\u00f3n de virus y dem\u00e1s componentes da\u00f1inos a los Usuarios.<\/span><\/p><p><span style=\"font-weight: 400;\">Harmony Bay Massage<\/span><span style=\"font-weight: 400;\"> se reserva el derecho a emprender las acciones legales que estime oportunas contra las personas que utilicen el Sitio Web de manera distinta a la estipulada o que pudiera da\u00f1ar la imagen de <\/span><span style=\"font-weight: 400;\">Harmony Bay Massage<\/span> <span style=\"font-weight: 400;\">o de terceros y a exigirles una indemnizaci\u00f3n por los da\u00f1os y perjuicios que se deriven de reclamaciones, acciones o demandas de terceros (incluyendo sin limitaci\u00f3n honorarios de abogados) como consecuencia de las acciones anteriores u otras que se pudieran producir.<\/span><\/p><p><b>Jurisdicci\u00f3n y Leyes Aplicables<\/b><\/p><p><span style=\"font-weight: 400;\">Las Condiciones Generales declaradas en este sitio Web se regir\u00e1n por la legislaci\u00f3n espa\u00f1ola. <\/span><span style=\"font-weight: 400;\">Harmony Bay Massage<\/span><span style=\"font-weight: 400;\"> y el usuario, con renuncia expresa al fuero que pudiera corresponderles, se someten a la Jurisdicci\u00f3n de los Juzgados y Tribunales de Las Palmas de Gran Canaria.<\/span><\/p>\t\t\t\t\t\t\t\t<\/div>\n\t\t\t\t<\/div>\n\t\t\t\t\t<\/div>\n\t\t\t\t<\/div>\n\t\t\t\t<\/div>","protected":false},"excerpt":{"rendered":"<p>Informaci\u00f3n sobre el Titular del Sitio Web. En cumplimiento de lo dispuesto en la Ley 34\/2002, de 11 de Julio, de Servicios de la Sociedad de la Informaci\u00f3n y Comercio Electr\u00f3nico, el titular del presente Sitio Web facilita la siguiente informaci\u00f3n a los usuarios del mismo: La entidad titular de este Sitio Web es Harmony [&hellip;]<\/p>","protected":false},"author":1,"featured_media":0,"parent":0,"menu_order":0,"comment_status":"closed","ping_status":"closed","template":"","meta":{"footnotes":""},"class_list":["post-189","page","type-page","status-publish","hentry"],"yoast_head":"<!-- This site is optimized with the Yoast SEO plugin v26.8 - https:\/\/yoast.com\/product\/yoast-seo-wordpress\/ -->\n<title>Aviso legal - Harmony Bay Massage<\/title>\n<meta name=\"robots\" content=\"index, follow, max-snippet:-1, max-image-preview:large, max-video-preview:-1\" \/>\n<link rel=\"canonical\" href=\"https:\/\/harmonybaymassage.com\/en\/aviso-legal\/\" \/>\n<meta property=\"og:locale\" content=\"en_US\" \/>\n<meta property=\"og:type\" content=\"article\" \/>\n<meta property=\"og:title\" content=\"Aviso legal - Harmony Bay Massage\" \/>\n<meta property=\"og:description\" content=\"Informaci\u00f3n sobre el Titular del Sitio Web. En cumplimiento de lo dispuesto en la Ley 34\/2002, de 11 de Julio, de Servicios de la Sociedad de la Informaci\u00f3n y Comercio Electr\u00f3nico, el titular del presente Sitio Web facilita la siguiente informaci\u00f3n a los usuarios del mismo: La entidad titular de este Sitio Web es Harmony [&hellip;]\" \/>\n<meta property=\"og:url\" content=\"https:\/\/harmonybaymassage.com\/en\/aviso-legal\/\" \/>\n<meta property=\"og:site_name\" content=\"Harmony Bay Massage\" \/>\n<meta property=\"article:modified_time\" content=\"2024-08-09T18:15:10+00:00\" \/>\n<meta name=\"twitter:card\" content=\"summary_large_image\" \/>\n<meta name=\"twitter:label1\" content=\"Est. reading time\" \/>\n\t<meta name=\"twitter:data1\" content=\"5 minutes\" \/>\n<script type=\"application\/ld+json\" class=\"yoast-schema-graph\">{\"@context\":\"https:\/\/schema.org\",\"@graph\":[{\"@type\":\"WebPage\",\"@id\":\"https:\/\/harmonybaymassage.com\/aviso-legal\/\",\"url\":\"https:\/\/harmonybaymassage.com\/aviso-legal\/\",\"name\":\"Aviso legal - Harmony Bay Massage\",\"isPartOf\":{\"@id\":\"https:\/\/harmonybaymassage.com\/#website\"},\"datePublished\":\"2024-08-09T18:10:02+00:00\",\"dateModified\":\"2024-08-09T18:15:10+00:00\",\"breadcrumb\":{\"@id\":\"https:\/\/harmonybaymassage.com\/aviso-legal\/#breadcrumb\"},\"inLanguage\":\"en-US\",\"potentialAction\":[{\"@type\":\"ReadAction\",\"target\":[\"https:\/\/harmonybaymassage.com\/aviso-legal\/\"]}]},{\"@type\":\"BreadcrumbList\",\"@id\":\"https:\/\/harmonybaymassage.com\/aviso-legal\/#breadcrumb\",\"itemListElement\":[{\"@type\":\"ListItem\",\"position\":1,\"name\":\"Portada\",\"item\":\"https:\/\/harmonybaymassage.com\/\"},{\"@type\":\"ListItem\",\"position\":2,\"name\":\"Aviso legal\"}]},{\"@type\":\"WebSite\",\"@id\":\"https:\/\/harmonybaymassage.com\/#website\",\"url\":\"https:\/\/harmonybaymassage.com\/\",\"name\":\"Harmony Bay Massage\",\"description\":\"\",\"publisher\":{\"@id\":\"https:\/\/harmonybaymassage.com\/#organization\"},\"potentialAction\":[{\"@type\":\"SearchAction\",\"target\":{\"@type\":\"EntryPoint\",\"urlTemplate\":\"https:\/\/harmonybaymassage.com\/?s={search_term_string}\"},\"query-input\":{\"@type\":\"PropertyValueSpecification\",\"valueRequired\":true,\"valueName\":\"search_term_string\"}}],\"inLanguage\":\"en-US\"},{\"@type\":\"Organization\",\"@id\":\"https:\/\/harmonybaymassage.com\/#organization\",\"name\":\"Harmony Bay Massage\",\"url\":\"https:\/\/harmonybaymassage.com\/\",\"logo\":{\"@type\":\"ImageObject\",\"inLanguage\":\"en-US\",\"@id\":\"https:\/\/harmonybaymassage.com\/#\/schema\/logo\/image\/\",\"url\":\"https:\/\/harmonybaymassage.com\/wp-content\/uploads\/2024\/08\/Diseno-sin-titulo-23-e1722765077415.png\",\"contentUrl\":\"https:\/\/harmonybaymassage.com\/wp-content\/uploads\/2024\/08\/Diseno-sin-titulo-23-e1722765077415.png\",\"width\":418,\"height\":369,\"caption\":\"Harmony Bay Massage\"},\"image\":{\"@id\":\"https:\/\/harmonybaymassage.com\/#\/schema\/logo\/image\/\"}}]}<\/script>\n<!-- \/ Yoast SEO plugin. -->","yoast_head_json":{"title":"Aviso legal - Harmony Bay Massage","robots":{"index":"index","follow":"follow","max-snippet":"max-snippet:-1","max-image-preview":"max-image-preview:large","max-video-preview":"max-video-preview:-1"},"canonical":"https:\/\/harmonybaymassage.com\/en\/aviso-legal\/","og_locale":"en_US","og_type":"article","og_title":"Aviso legal - Harmony Bay Massage","og_description":"Informaci\u00f3n sobre el Titular del Sitio Web. En cumplimiento de lo dispuesto en la Ley 34\/2002, de 11 de Julio, de Servicios de la Sociedad de la Informaci\u00f3n y Comercio Electr\u00f3nico, el titular del presente Sitio Web facilita la siguiente informaci\u00f3n a los usuarios del mismo: La entidad titular de este Sitio Web es Harmony [&hellip;]","og_url":"https:\/\/harmonybaymassage.com\/en\/aviso-legal\/","og_site_name":"Harmony Bay Massage","article_modified_time":"2024-08-09T18:15:10+00:00","twitter_card":"summary_large_image","twitter_misc":{"Est. reading time":"5 minutes"},"schema":{"@context":"https:\/\/schema.org","@graph":[{"@type":"WebPage","@id":"https:\/\/harmonybaymassage.com\/aviso-legal\/","url":"https:\/\/harmonybaymassage.com\/aviso-legal\/","name":"Aviso legal - Harmony Bay Massage","isPartOf":{"@id":"https:\/\/harmonybaymassage.com\/#website"},"datePublished":"2024-08-09T18:10:02+00:00","dateModified":"2024-08-09T18:15:10+00:00","breadcrumb":{"@id":"https:\/\/harmonybaymassage.com\/aviso-legal\/#breadcrumb"},"inLanguage":"en-US","potentialAction":[{"@type":"ReadAction","target":["https:\/\/harmonybaymassage.com\/aviso-legal\/"]}]},{"@type":"BreadcrumbList","@id":"https:\/\/harmonybaymassage.com\/aviso-legal\/#breadcrumb","itemListElement":[{"@type":"ListItem","position":1,"name":"Portada","item":"https:\/\/harmonybaymassage.com\/"},{"@type":"ListItem","position":2,"name":"Aviso legal"}]},{"@type":"WebSite","@id":"https:\/\/harmonybaymassage.com\/#website","url":"https:\/\/harmonybaymassage.com\/","name":"Harmony Bay Massage","description":"","publisher":{"@id":"https:\/\/harmonybaymassage.com\/#organization"},"potentialAction":[{"@type":"SearchAction","target":{"@type":"EntryPoint","urlTemplate":"https:\/\/harmonybaymassage.com\/?s={search_term_string}"},"query-input":{"@type":"PropertyValueSpecification","valueRequired":true,"valueName":"search_term_string"}}],"inLanguage":"en-US"},{"@type":"Organization","@id":"https:\/\/harmonybaymassage.com\/#organization","name":"Harmony Bay Massage","url":"https:\/\/harmonybaymassage.com\/","logo":{"@type":"ImageObject","inLanguage":"en-US","@id":"https:\/\/harmonybaymassage.com\/#\/schema\/logo\/image\/","url":"https:\/\/harmonybaymassage.com\/wp-content\/uploads\/2024\/08\/Diseno-sin-titulo-23-e1722765077415.png","contentUrl":"https:\/\/harmonybaymassage.com\/wp-content\/uploads\/2024\/08\/Diseno-sin-titulo-23-e1722765077415.png","width":418,"height":369,"caption":"Harmony Bay Massage"},"image":{"@id":"https:\/\/harmonybaymassage.com\/#\/schema\/logo\/image\/"}}]}},"_links":{"self":[{"href":"https:\/\/harmonybaymassage.com\/en\/wp-json\/wp\/v2\/pages\/189","targetHints":{"allow":["GET"]}}],"collection":[{"href":"https:\/\/harmonybaymassage.com\/en\/wp-json\/wp\/v2\/pages"}],"about":[{"href":"https:\/\/harmonybaymassage.com\/en\/wp-json\/wp\/v2\/types\/page"}],"author":[{"embeddable":true,"href":"https:\/\/harmonybaymassage.com\/en\/wp-json\/wp\/v2\/users\/1"}],"replies":[{"embeddable":true,"href":"https:\/\/harmonybaymassage.com\/en\/wp-json\/wp\/v2\/comments?post=189"}],"version-history":[{"count":4,"href":"https:\/\/harmonybaymassage.com\/en\/wp-json\/wp\/v2\/pages\/189\/revisions"}],"predecessor-version":[{"id":193,"href":"https:\/\/harmonybaymassage.com\/en\/wp-json\/wp\/v2\/pages\/189\/revisions\/193"}],"wp:attachment":[{"href":"https:\/\/harmonybaymassage.com\/en\/wp-json\/wp\/v2\/media?parent=189"}],"curies":[{"name":"wp","href":"https:\/\/api.w.org\/{rel}","templated":true}]}}