{"id":101,"date":"2024-08-04T10:03:28","date_gmt":"2024-08-04T10:03:28","guid":{"rendered":"https:\/\/harmonybaymassage.com\/?page_id=101"},"modified":"2024-08-16T15:02:00","modified_gmt":"2024-08-16T15:02:00","slug":"servicios","status":"publish","type":"page","link":"https:\/\/harmonybaymassage.com\/en\/servicios\/","title":{"rendered":"Services"},"content":{"rendered":"<div data-elementor-type=\"wp-page\" data-elementor-id=\"101\" class=\"elementor elementor-101\" data-elementor-post-type=\"page\">\n\t\t\t\t\t\t<section class=\"elementor-section elementor-top-section elementor-element elementor-element-1a1d9a81 elementor-section-boxed elementor-section-height-default elementor-section-height-default\" data-id=\"1a1d9a81\" data-element_type=\"section\" data-settings=\"{&quot;background_background&quot;:&quot;classic&quot;}\">\n\t\t\t\t\t\t\t<div class=\"elementor-background-overlay\"><\/div>\n\t\t\t\t\t\t\t<div class=\"elementor-container elementor-column-gap-default\">\n\t\t\t\t\t<div class=\"elementor-column elementor-col-100 elementor-top-column elementor-element elementor-element-268598ea\" data-id=\"268598ea\" data-element_type=\"column\">\n\t\t\t<div class=\"elementor-widget-wrap elementor-element-populated\">\n\t\t\t\t\t\t<div class=\"elementor-element elementor-element-7f7e140e elementor-widget elementor-widget-heading\" data-id=\"7f7e140e\" data-element_type=\"widget\" data-widget_type=\"heading.default\">\n\t\t\t\t<div class=\"elementor-widget-container\">\n\t\t\t\t\t<h1 class=\"elementor-heading-title elementor-size-default\">Services<\/h1>\t\t\t\t<\/div>\n\t\t\t\t<\/div>\n\t\t\t\t\t<\/div>\n\t\t<\/div>\n\t\t\t\t\t<\/div>\n\t\t<\/section>\n\t\t\t\t<section class=\"elementor-section elementor-top-section elementor-element elementor-element-4d70e587 elementor-section-boxed elementor-section-height-default elementor-section-height-default\" data-id=\"4d70e587\" data-element_type=\"section\">\n\t\t\t\t\t\t<div class=\"elementor-container elementor-column-gap-default\">\n\t\t\t\t\t<div class=\"elementor-column elementor-col-100 elementor-top-column elementor-element elementor-element-c3bfe5e\" data-id=\"c3bfe5e\" data-element_type=\"column\">\n\t\t\t<div class=\"elementor-widget-wrap elementor-element-populated\">\n\t\t\t\t\t\t<section class=\"elementor-section elementor-inner-section elementor-element elementor-element-70e79476 elementor-section-boxed elementor-section-height-default elementor-section-height-default\" data-id=\"70e79476\" data-element_type=\"section\">\n\t\t\t\t\t\t<div class=\"elementor-container elementor-column-gap-default\">\n\t\t\t\t\t<div class=\"elementor-column elementor-col-33 elementor-inner-column elementor-element elementor-element-6ac71432\" data-id=\"6ac71432\" data-element_type=\"column\">\n\t\t\t<div class=\"elementor-widget-wrap elementor-element-populated\">\n\t\t\t\t\t\t<div class=\"elementor-element elementor-element-4d8fa31e elementor-position-left elementor-vertical-align-middle elementor-widget elementor-widget-image-box\" data-id=\"4d8fa31e\" data-element_type=\"widget\" data-widget_type=\"image-box.default\">\n\t\t\t\t<div class=\"elementor-widget-container\">\n\t\t\t\t\t<div class=\"elementor-image-box-wrapper\"><figure class=\"elementor-image-box-img\"><img fetchpriority=\"high\" decoding=\"async\" width=\"600\" height=\"600\" src=\"https:\/\/harmonybaymassage.com\/wp-content\/uploads\/2024\/08\/elements-50-spa-line-green-black-icons-EGVMGU-2017-12-07-7.png\" class=\"attachment-full size-full wp-image-142\" alt=\"\" srcset=\"https:\/\/harmonybaymassage.com\/wp-content\/uploads\/2024\/08\/elements-50-spa-line-green-black-icons-EGVMGU-2017-12-07-7.png 600w, https:\/\/harmonybaymassage.com\/wp-content\/uploads\/2024\/08\/elements-50-spa-line-green-black-icons-EGVMGU-2017-12-07-7-300x300.png 300w, https:\/\/harmonybaymassage.com\/wp-content\/uploads\/2024\/08\/elements-50-spa-line-green-black-icons-EGVMGU-2017-12-07-7-150x150.png 150w, https:\/\/harmonybaymassage.com\/wp-content\/uploads\/2024\/08\/elements-50-spa-line-green-black-icons-EGVMGU-2017-12-07-7-12x12.png 12w\" sizes=\"(max-width: 600px) 100vw, 600px\" \/><\/figure><div class=\"elementor-image-box-content\"><h3 class=\"elementor-image-box-title\">Facial <\/h3><p class=\"elementor-image-box-description\">Rejuvenate your skin and mind with our facial massages.<\/p><\/div><\/div>\t\t\t\t<\/div>\n\t\t\t\t<\/div>\n\t\t\t\t\t<\/div>\n\t\t<\/div>\n\t\t\t\t<div class=\"elementor-column elementor-col-33 elementor-inner-column elementor-element elementor-element-770f4263\" data-id=\"770f4263\" data-element_type=\"column\">\n\t\t\t<div class=\"elementor-widget-wrap elementor-element-populated\">\n\t\t\t\t\t\t<div class=\"elementor-element elementor-element-28c273a0 elementor-position-left elementor-vertical-align-middle elementor-widget elementor-widget-image-box\" data-id=\"28c273a0\" data-element_type=\"widget\" data-widget_type=\"image-box.default\">\n\t\t\t\t<div class=\"elementor-widget-container\">\n\t\t\t\t\t<div class=\"elementor-image-box-wrapper\"><figure class=\"elementor-image-box-img\"><img decoding=\"async\" width=\"600\" height=\"600\" src=\"https:\/\/harmonybaymassage.com\/wp-content\/uploads\/2024\/08\/elements-50-spa-line-green-black-icons-EGVMGU-2017-12-07-3.png\" class=\"attachment-full size-full wp-image-33\" alt=\"\" srcset=\"https:\/\/harmonybaymassage.com\/wp-content\/uploads\/2024\/08\/elements-50-spa-line-green-black-icons-EGVMGU-2017-12-07-3.png 600w, https:\/\/harmonybaymassage.com\/wp-content\/uploads\/2024\/08\/elements-50-spa-line-green-black-icons-EGVMGU-2017-12-07-3-300x300.png 300w, https:\/\/harmonybaymassage.com\/wp-content\/uploads\/2024\/08\/elements-50-spa-line-green-black-icons-EGVMGU-2017-12-07-3-150x150.png 150w\" sizes=\"(max-width: 600px) 100vw, 600px\" \/><\/figure><div class=\"elementor-image-box-content\"><h3 class=\"elementor-image-box-title\">Body massage<\/h3><p class=\"elementor-image-box-description\">Revitalize your body with a full body massage.<\/p><\/div><\/div>\t\t\t\t<\/div>\n\t\t\t\t<\/div>\n\t\t\t\t\t<\/div>\n\t\t<\/div>\n\t\t\t\t<div class=\"elementor-column elementor-col-33 elementor-inner-column elementor-element elementor-element-347178f9\" data-id=\"347178f9\" data-element_type=\"column\">\n\t\t\t<div class=\"elementor-widget-wrap elementor-element-populated\">\n\t\t\t\t\t\t<div class=\"elementor-element elementor-element-2b6315d2 elementor-position-left elementor-vertical-align-middle elementor-widget elementor-widget-image-box\" data-id=\"2b6315d2\" data-element_type=\"widget\" data-widget_type=\"image-box.default\">\n\t\t\t\t<div class=\"elementor-widget-container\">\n\t\t\t\t\t<div class=\"elementor-image-box-wrapper\"><figure class=\"elementor-image-box-img\"><img decoding=\"async\" width=\"600\" height=\"600\" src=\"https:\/\/harmonybaymassage.com\/wp-content\/uploads\/2024\/08\/elements-50-spa-line-green-black-icons-EGVMGU-2017-12-07-2.png\" class=\"attachment-full size-full wp-image-34\" alt=\"\" srcset=\"https:\/\/harmonybaymassage.com\/wp-content\/uploads\/2024\/08\/elements-50-spa-line-green-black-icons-EGVMGU-2017-12-07-2.png 600w, https:\/\/harmonybaymassage.com\/wp-content\/uploads\/2024\/08\/elements-50-spa-line-green-black-icons-EGVMGU-2017-12-07-2-300x300.png 300w, https:\/\/harmonybaymassage.com\/wp-content\/uploads\/2024\/08\/elements-50-spa-line-green-black-icons-EGVMGU-2017-12-07-2-150x150.png 150w\" sizes=\"(max-width: 600px) 100vw, 600px\" \/><\/figure><div class=\"elementor-image-box-content\"><h3 class=\"elementor-image-box-title\">Reflexology<\/h3><p class=\"elementor-image-box-description\">Balance your energy by stimulating reflex points.<\/p><\/div><\/div>\t\t\t\t<\/div>\n\t\t\t\t<\/div>\n\t\t\t\t\t<\/div>\n\t\t<\/div>\n\t\t\t\t\t<\/div>\n\t\t<\/section>\n\t\t\t\t<section class=\"elementor-section elementor-inner-section elementor-element elementor-element-4add6303 elementor-section-boxed elementor-section-height-default elementor-section-height-default\" data-id=\"4add6303\" data-element_type=\"section\">\n\t\t\t\t\t\t<div class=\"elementor-container elementor-column-gap-default\">\n\t\t\t\t\t<div class=\"elementor-column elementor-col-50 elementor-inner-column elementor-element elementor-element-6a1a1982\" data-id=\"6a1a1982\" data-element_type=\"column\">\n\t\t\t<div class=\"elementor-widget-wrap elementor-element-populated\">\n\t\t\t\t\t\t<div class=\"elementor-element elementor-element-74bb1d8 elementor-position-left elementor-vertical-align-middle elementor-widget elementor-widget-image-box\" data-id=\"74bb1d8\" data-element_type=\"widget\" data-widget_type=\"image-box.default\">\n\t\t\t\t<div class=\"elementor-widget-container\">\n\t\t\t\t\t<div class=\"elementor-image-box-wrapper\"><figure class=\"elementor-image-box-img\"><img loading=\"lazy\" decoding=\"async\" width=\"600\" height=\"600\" src=\"https:\/\/harmonybaymassage.com\/wp-content\/uploads\/2024\/08\/elements-50-spa-line-green-black-icons-EGVMGU-2017-12-07-6.png\" class=\"attachment-full size-full wp-image-143\" alt=\"\" srcset=\"https:\/\/harmonybaymassage.com\/wp-content\/uploads\/2024\/08\/elements-50-spa-line-green-black-icons-EGVMGU-2017-12-07-6.png 600w, https:\/\/harmonybaymassage.com\/wp-content\/uploads\/2024\/08\/elements-50-spa-line-green-black-icons-EGVMGU-2017-12-07-6-300x300.png 300w, https:\/\/harmonybaymassage.com\/wp-content\/uploads\/2024\/08\/elements-50-spa-line-green-black-icons-EGVMGU-2017-12-07-6-150x150.png 150w, https:\/\/harmonybaymassage.com\/wp-content\/uploads\/2024\/08\/elements-50-spa-line-green-black-icons-EGVMGU-2017-12-07-6-12x12.png 12w\" sizes=\"(max-width: 600px) 100vw, 600px\" \/><\/figure><div class=\"elementor-image-box-content\"><h3 class=\"elementor-image-box-title\">Detoxifying<\/h3><p class=\"elementor-image-box-description\">Free your body of toxins and revitalize your energy.<\/p><\/div><\/div>\t\t\t\t<\/div>\n\t\t\t\t<\/div>\n\t\t\t\t\t<\/div>\n\t\t<\/div>\n\t\t\t\t<div class=\"elementor-column elementor-col-50 elementor-inner-column elementor-element elementor-element-6ad5d045\" data-id=\"6ad5d045\" data-element_type=\"column\">\n\t\t\t<div class=\"elementor-widget-wrap elementor-element-populated\">\n\t\t\t\t\t\t<div class=\"elementor-element elementor-element-3f8d9ad0 elementor-position-left elementor-vertical-align-middle elementor-widget elementor-widget-image-box\" data-id=\"3f8d9ad0\" data-element_type=\"widget\" data-widget_type=\"image-box.default\">\n\t\t\t\t<div class=\"elementor-widget-container\">\n\t\t\t\t\t<div class=\"elementor-image-box-wrapper\"><figure class=\"elementor-image-box-img\"><img loading=\"lazy\" decoding=\"async\" width=\"600\" height=\"600\" src=\"https:\/\/harmonybaymassage.com\/wp-content\/uploads\/2024\/08\/elements-50-spa-line-green-black-icons-EGVMGU-2017-12-07-5.png\" class=\"attachment-full size-full wp-image-144\" alt=\"\" srcset=\"https:\/\/harmonybaymassage.com\/wp-content\/uploads\/2024\/08\/elements-50-spa-line-green-black-icons-EGVMGU-2017-12-07-5.png 600w, https:\/\/harmonybaymassage.com\/wp-content\/uploads\/2024\/08\/elements-50-spa-line-green-black-icons-EGVMGU-2017-12-07-5-300x300.png 300w, https:\/\/harmonybaymassage.com\/wp-content\/uploads\/2024\/08\/elements-50-spa-line-green-black-icons-EGVMGU-2017-12-07-5-150x150.png 150w, https:\/\/harmonybaymassage.com\/wp-content\/uploads\/2024\/08\/elements-50-spa-line-green-black-icons-EGVMGU-2017-12-07-5-12x12.png 12w\" sizes=\"(max-width: 600px) 100vw, 600px\" \/><\/figure><div class=\"elementor-image-box-content\"><h3 class=\"elementor-image-box-title\">Massage Therapy<\/h3><p class=\"elementor-image-box-description\">Relax and revitalize with our personalized massages.<\/p><\/div><\/div>\t\t\t\t<\/div>\n\t\t\t\t<\/div>\n\t\t\t\t\t<\/div>\n\t\t<\/div>\n\t\t\t\t\t<\/div>\n\t\t<\/section>\n\t\t\t\t\t<\/div>\n\t\t<\/div>\n\t\t\t\t\t<\/div>\n\t\t<\/section>\n\t\t\t\t<section class=\"elementor-section elementor-top-section elementor-element elementor-element-25225390 elementor-section-boxed elementor-section-height-default elementor-section-height-default\" data-id=\"25225390\" data-element_type=\"section\">\n\t\t\t\t\t\t<div class=\"elementor-container elementor-column-gap-default\">\n\t\t\t\t\t<div class=\"elementor-column elementor-col-50 elementor-top-column elementor-element elementor-element-45328190\" data-id=\"45328190\" data-element_type=\"column\">\n\t\t\t<div class=\"elementor-widget-wrap elementor-element-populated\">\n\t\t\t\t\t\t<div class=\"elementor-element elementor-element-fe1d25b elementor-widget elementor-widget-image\" data-id=\"fe1d25b\" data-element_type=\"widget\" data-widget_type=\"image.default\">\n\t\t\t\t<div class=\"elementor-widget-container\">\n\t\t\t\t\t\t\t\t\t\t\t\t\t\t\t<img loading=\"lazy\" decoding=\"async\" width=\"800\" height=\"533\" src=\"https:\/\/harmonybaymassage.com\/wp-content\/uploads\/2024\/08\/spa-setting-GTFJWQ4-1024x682.jpg\" class=\"attachment-large size-large wp-image-39\" alt=\"\" srcset=\"https:\/\/harmonybaymassage.com\/wp-content\/uploads\/2024\/08\/spa-setting-GTFJWQ4-1024x682.jpg 1024w, https:\/\/harmonybaymassage.com\/wp-content\/uploads\/2024\/08\/spa-setting-GTFJWQ4-300x200.jpg 300w, https:\/\/harmonybaymassage.com\/wp-content\/uploads\/2024\/08\/spa-setting-GTFJWQ4-768x512.jpg 768w, https:\/\/harmonybaymassage.com\/wp-content\/uploads\/2024\/08\/spa-setting-GTFJWQ4.jpg 1420w\" sizes=\"(max-width: 800px) 100vw, 800px\" \/>\t\t\t\t\t\t\t\t\t\t\t\t\t\t\t<\/div>\n\t\t\t\t<\/div>\n\t\t\t\t<div class=\"elementor-element elementor-element-7c3f269e elementor-widget elementor-widget-image\" data-id=\"7c3f269e\" data-element_type=\"widget\" data-widget_type=\"image.default\">\n\t\t\t\t<div class=\"elementor-widget-container\">\n\t\t\t\t\t\t\t\t\t\t\t\t\t\t\t<img loading=\"lazy\" decoding=\"async\" width=\"570\" height=\"344\" src=\"https:\/\/harmonybaymassage.com\/wp-content\/uploads\/2024\/08\/spring-spa-setting-PQSX3EK.png\" class=\"attachment-large size-large wp-image-145\" alt=\"\" srcset=\"https:\/\/harmonybaymassage.com\/wp-content\/uploads\/2024\/08\/spring-spa-setting-PQSX3EK.png 570w, https:\/\/harmonybaymassage.com\/wp-content\/uploads\/2024\/08\/spring-spa-setting-PQSX3EK-300x181.png 300w, https:\/\/harmonybaymassage.com\/wp-content\/uploads\/2024\/08\/spring-spa-setting-PQSX3EK-18x12.png 18w\" sizes=\"(max-width: 570px) 100vw, 570px\" \/>\t\t\t\t\t\t\t\t\t\t\t\t\t\t\t<\/div>\n\t\t\t\t<\/div>\n\t\t\t\t\t<\/div>\n\t\t<\/div>\n\t\t\t\t<div class=\"elementor-column elementor-col-50 elementor-top-column elementor-element elementor-element-5b097065\" data-id=\"5b097065\" data-element_type=\"column\">\n\t\t\t<div class=\"elementor-widget-wrap elementor-element-populated\">\n\t\t\t\t\t\t<div class=\"elementor-element elementor-element-428d553d elementor-widget elementor-widget-heading\" data-id=\"428d553d\" data-element_type=\"widget\" data-widget_type=\"heading.default\">\n\t\t\t\t<div class=\"elementor-widget-container\">\n\t\t\t\t\t<h2 class=\"elementor-heading-title elementor-size-default\">Reg\u00e1late un Momento de Paz<\/h2>\t\t\t\t<\/div>\n\t\t\t\t<\/div>\n\t\t\t\t<div class=\"elementor-element elementor-element-39b3200b elementor-widget elementor-widget-text-editor\" data-id=\"39b3200b\" data-element_type=\"widget\" data-widget_type=\"text-editor.default\">\n\t\t\t\t<div class=\"elementor-widget-container\">\n\t\t\t\t\t\t\t\t\t<p>Perm\u00edtete desconectar del ajetreo diario y sumergirte en una experiencia de serenidad total. En Harmony Bay Massage, nuestros servicios est\u00e1n dise\u00f1ados para revitalizar tu cuerpo y mente. \u00a1Agenda tu cita ahora y descubre el poder de la relajaci\u00f3n!<\/p>\t\t\t\t\t\t\t\t<\/div>\n\t\t\t\t<\/div>\n\t\t\t\t\t<\/div>\n\t\t<\/div>\n\t\t\t\t\t<\/div>\n\t\t<\/section>\n\t\t\t\t<\/div>","protected":false},"excerpt":{"rendered":"<p>Servicios Facial Rejuvenece tu piel y mente con nuestros masajes faciales. Masaje corporal Revitaliza tu cuerpo con un masaje corporal completo. Reflexolog\u00eda Equilibra tu energ\u00eda con la estimulaci\u00f3n de puntos reflejos. Desintoxicante Libera tu cuerpo de toxinas y revitaliza tu energ\u00eda. Terapia de Masajes Rel\u00e1jate y revitaliza con nuestros masajes personalizados. Reg\u00e1late un Momento de [&hellip;]<\/p>","protected":false},"author":1,"featured_media":0,"parent":0,"menu_order":0,"comment_status":"closed","ping_status":"closed","template":"","meta":{"footnotes":""},"class_list":["post-101","page","type-page","status-publish","hentry"],"yoast_head":"<!-- This site is optimized with the Yoast SEO plugin v26.8 - https:\/\/yoast.com\/product\/yoast-seo-wordpress\/ -->\n<title>Servicios - Harmony Bay Massage<\/title>\n<meta name=\"robots\" content=\"index, follow, max-snippet:-1, max-image-preview:large, max-video-preview:-1\" \/>\n<link rel=\"canonical\" href=\"https:\/\/harmonybaymassage.com\/en\/servicios\/\" \/>\n<meta property=\"og:locale\" content=\"en_US\" \/>\n<meta property=\"og:type\" content=\"article\" \/>\n<meta property=\"og:title\" content=\"Servicios - Harmony Bay Massage\" \/>\n<meta property=\"og:description\" content=\"Servicios Facial Rejuvenece tu piel y mente con nuestros masajes faciales. Masaje corporal Revitaliza tu cuerpo con un masaje corporal completo. Reflexolog\u00eda Equilibra tu energ\u00eda con la estimulaci\u00f3n de puntos reflejos. Desintoxicante Libera tu cuerpo de toxinas y revitaliza tu energ\u00eda. Terapia de Masajes Rel\u00e1jate y revitaliza con nuestros masajes personalizados. Reg\u00e1late un Momento de [&hellip;]\" \/>\n<meta property=\"og:url\" content=\"https:\/\/harmonybaymassage.com\/en\/servicios\/\" \/>\n<meta property=\"og:site_name\" content=\"Harmony Bay Massage\" \/>\n<meta property=\"article:modified_time\" content=\"2024-08-16T15:02:00+00:00\" \/>\n<meta property=\"og:image\" content=\"https:\/\/harmonybaymassage.com\/wp-content\/uploads\/2024\/08\/elements-50-spa-line-green-black-icons-EGVMGU-2017-12-07-7.png\" \/>\n<meta name=\"twitter:card\" content=\"summary_large_image\" \/>\n<meta name=\"twitter:label1\" content=\"Est. reading time\" \/>\n\t<meta name=\"twitter:data1\" content=\"1 minute\" \/>\n<script type=\"application\/ld+json\" class=\"yoast-schema-graph\">{\"@context\":\"https:\/\/schema.org\",\"@graph\":[{\"@type\":\"WebPage\",\"@id\":\"https:\/\/harmonybaymassage.com\/en\/servicios\/\",\"url\":\"https:\/\/harmonybaymassage.com\/en\/servicios\/\",\"name\":\"Servicios - Harmony Bay Massage\",\"isPartOf\":{\"@id\":\"https:\/\/harmonybaymassage.com\/#website\"},\"primaryImageOfPage\":{\"@id\":\"https:\/\/harmonybaymassage.com\/en\/servicios\/#primaryimage\"},\"image\":{\"@id\":\"https:\/\/harmonybaymassage.com\/en\/servicios\/#primaryimage\"},\"thumbnailUrl\":\"https:\/\/harmonybaymassage.com\/wp-content\/uploads\/2024\/08\/elements-50-spa-line-green-black-icons-EGVMGU-2017-12-07-7.png\",\"datePublished\":\"2024-08-04T10:03:28+00:00\",\"dateModified\":\"2024-08-16T15:02:00+00:00\",\"breadcrumb\":{\"@id\":\"https:\/\/harmonybaymassage.com\/en\/servicios\/#breadcrumb\"},\"inLanguage\":\"en-US\",\"potentialAction\":[{\"@type\":\"ReadAction\",\"target\":[\"https:\/\/harmonybaymassage.com\/en\/servicios\/\"]}]},{\"@type\":\"ImageObject\",\"inLanguage\":\"en-US\",\"@id\":\"https:\/\/harmonybaymassage.com\/en\/servicios\/#primaryimage\",\"url\":\"https:\/\/harmonybaymassage.com\/wp-content\/uploads\/2024\/08\/elements-50-spa-line-green-black-icons-EGVMGU-2017-12-07-7.png\",\"contentUrl\":\"https:\/\/harmonybaymassage.com\/wp-content\/uploads\/2024\/08\/elements-50-spa-line-green-black-icons-EGVMGU-2017-12-07-7.png\"},{\"@type\":\"BreadcrumbList\",\"@id\":\"https:\/\/harmonybaymassage.com\/en\/servicios\/#breadcrumb\",\"itemListElement\":[{\"@type\":\"ListItem\",\"position\":1,\"name\":\"Portada\",\"item\":\"https:\/\/harmonybaymassage.com\/\"},{\"@type\":\"ListItem\",\"position\":2,\"name\":\"Servicios\"}]},{\"@type\":\"WebSite\",\"@id\":\"https:\/\/harmonybaymassage.com\/#website\",\"url\":\"https:\/\/harmonybaymassage.com\/\",\"name\":\"Harmony Bay Massage\",\"description\":\"\",\"publisher\":{\"@id\":\"https:\/\/harmonybaymassage.com\/#organization\"},\"potentialAction\":[{\"@type\":\"SearchAction\",\"target\":{\"@type\":\"EntryPoint\",\"urlTemplate\":\"https:\/\/harmonybaymassage.com\/?s={search_term_string}\"},\"query-input\":{\"@type\":\"PropertyValueSpecification\",\"valueRequired\":true,\"valueName\":\"search_term_string\"}}],\"inLanguage\":\"en-US\"},{\"@type\":\"Organization\",\"@id\":\"https:\/\/harmonybaymassage.com\/#organization\",\"name\":\"Harmony Bay Massage\",\"url\":\"https:\/\/harmonybaymassage.com\/\",\"logo\":{\"@type\":\"ImageObject\",\"inLanguage\":\"en-US\",\"@id\":\"https:\/\/harmonybaymassage.com\/#\/schema\/logo\/image\/\",\"url\":\"https:\/\/harmonybaymassage.com\/wp-content\/uploads\/2024\/08\/Diseno-sin-titulo-23-e1722765077415.png\",\"contentUrl\":\"https:\/\/harmonybaymassage.com\/wp-content\/uploads\/2024\/08\/Diseno-sin-titulo-23-e1722765077415.png\",\"width\":418,\"height\":369,\"caption\":\"Harmony Bay Massage\"},\"image\":{\"@id\":\"https:\/\/harmonybaymassage.com\/#\/schema\/logo\/image\/\"}}]}<\/script>\n<!-- \/ Yoast SEO plugin. -->","yoast_head_json":{"title":"Servicios - Harmony Bay Massage","robots":{"index":"index","follow":"follow","max-snippet":"max-snippet:-1","max-image-preview":"max-image-preview:large","max-video-preview":"max-video-preview:-1"},"canonical":"https:\/\/harmonybaymassage.com\/en\/servicios\/","og_locale":"en_US","og_type":"article","og_title":"Servicios - Harmony Bay Massage","og_description":"Servicios Facial Rejuvenece tu piel y mente con nuestros masajes faciales. Masaje corporal Revitaliza tu cuerpo con un masaje corporal completo. Reflexolog\u00eda Equilibra tu energ\u00eda con la estimulaci\u00f3n de puntos reflejos. Desintoxicante Libera tu cuerpo de toxinas y revitaliza tu energ\u00eda. Terapia de Masajes Rel\u00e1jate y revitaliza con nuestros masajes personalizados. Reg\u00e1late un Momento de [&hellip;]","og_url":"https:\/\/harmonybaymassage.com\/en\/servicios\/","og_site_name":"Harmony Bay Massage","article_modified_time":"2024-08-16T15:02:00+00:00","og_image":[{"url":"https:\/\/harmonybaymassage.com\/wp-content\/uploads\/2024\/08\/elements-50-spa-line-green-black-icons-EGVMGU-2017-12-07-7.png","type":"","width":"","height":""}],"twitter_card":"summary_large_image","twitter_misc":{"Est. reading time":"1 minute"},"schema":{"@context":"https:\/\/schema.org","@graph":[{"@type":"WebPage","@id":"https:\/\/harmonybaymassage.com\/en\/servicios\/","url":"https:\/\/harmonybaymassage.com\/en\/servicios\/","name":"Servicios - Harmony Bay Massage","isPartOf":{"@id":"https:\/\/harmonybaymassage.com\/#website"},"primaryImageOfPage":{"@id":"https:\/\/harmonybaymassage.com\/en\/servicios\/#primaryimage"},"image":{"@id":"https:\/\/harmonybaymassage.com\/en\/servicios\/#primaryimage"},"thumbnailUrl":"https:\/\/harmonybaymassage.com\/wp-content\/uploads\/2024\/08\/elements-50-spa-line-green-black-icons-EGVMGU-2017-12-07-7.png","datePublished":"2024-08-04T10:03:28+00:00","dateModified":"2024-08-16T15:02:00+00:00","breadcrumb":{"@id":"https:\/\/harmonybaymassage.com\/en\/servicios\/#breadcrumb"},"inLanguage":"en-US","potentialAction":[{"@type":"ReadAction","target":["https:\/\/harmonybaymassage.com\/en\/servicios\/"]}]},{"@type":"ImageObject","inLanguage":"en-US","@id":"https:\/\/harmonybaymassage.com\/en\/servicios\/#primaryimage","url":"https:\/\/harmonybaymassage.com\/wp-content\/uploads\/2024\/08\/elements-50-spa-line-green-black-icons-EGVMGU-2017-12-07-7.png","contentUrl":"https:\/\/harmonybaymassage.com\/wp-content\/uploads\/2024\/08\/elements-50-spa-line-green-black-icons-EGVMGU-2017-12-07-7.png"},{"@type":"BreadcrumbList","@id":"https:\/\/harmonybaymassage.com\/en\/servicios\/#breadcrumb","itemListElement":[{"@type":"ListItem","position":1,"name":"Portada","item":"https:\/\/harmonybaymassage.com\/"},{"@type":"ListItem","position":2,"name":"Servicios"}]},{"@type":"WebSite","@id":"https:\/\/harmonybaymassage.com\/#website","url":"https:\/\/harmonybaymassage.com\/","name":"Harmony Bay Massage","description":"","publisher":{"@id":"https:\/\/harmonybaymassage.com\/#organization"},"potentialAction":[{"@type":"SearchAction","target":{"@type":"EntryPoint","urlTemplate":"https:\/\/harmonybaymassage.com\/?s={search_term_string}"},"query-input":{"@type":"PropertyValueSpecification","valueRequired":true,"valueName":"search_term_string"}}],"inLanguage":"en-US"},{"@type":"Organization","@id":"https:\/\/harmonybaymassage.com\/#organization","name":"Harmony Bay Massage","url":"https:\/\/harmonybaymassage.com\/","logo":{"@type":"ImageObject","inLanguage":"en-US","@id":"https:\/\/harmonybaymassage.com\/#\/schema\/logo\/image\/","url":"https:\/\/harmonybaymassage.com\/wp-content\/uploads\/2024\/08\/Diseno-sin-titulo-23-e1722765077415.png","contentUrl":"https:\/\/harmonybaymassage.com\/wp-content\/uploads\/2024\/08\/Diseno-sin-titulo-23-e1722765077415.png","width":418,"height":369,"caption":"Harmony Bay Massage"},"image":{"@id":"https:\/\/harmonybaymassage.com\/#\/schema\/logo\/image\/"}}]}},"_links":{"self":[{"href":"https:\/\/harmonybaymassage.com\/en\/wp-json\/wp\/v2\/pages\/101","targetHints":{"allow":["GET"]}}],"collection":[{"href":"https:\/\/harmonybaymassage.com\/en\/wp-json\/wp\/v2\/pages"}],"about":[{"href":"https:\/\/harmonybaymassage.com\/en\/wp-json\/wp\/v2\/types\/page"}],"author":[{"embeddable":true,"href":"https:\/\/harmonybaymassage.com\/en\/wp-json\/wp\/v2\/users\/1"}],"replies":[{"embeddable":true,"href":"https:\/\/harmonybaymassage.com\/en\/wp-json\/wp\/v2\/comments?post=101"}],"version-history":[{"count":13,"href":"https:\/\/harmonybaymassage.com\/en\/wp-json\/wp\/v2\/pages\/101\/revisions"}],"predecessor-version":[{"id":242,"href":"https:\/\/harmonybaymassage.com\/en\/wp-json\/wp\/v2\/pages\/101\/revisions\/242"}],"wp:attachment":[{"href":"https:\/\/harmonybaymassage.com\/en\/wp-json\/wp\/v2\/media?parent=101"}],"curies":[{"name":"wp","href":"https:\/\/api.w.org\/{rel}","templated":true}]}}